{"id":22,"date":"2020-12-29T14:30:43","date_gmt":"2020-12-29T13:30:43","guid":{"rendered":"http:\/\/trimatelots.fr\/?page_id=22"},"modified":"2021-01-31T20:46:29","modified_gmt":"2021-01-31T19:46:29","slug":"contact","status":"publish","type":"page","link":"https:\/\/trimatelots.fr\/?page_id=22","title":{"rendered":"Contact"},"content":{"rendered":"\n<h2>\n\t\tNous contacter\n\t<\/h2>\n\t<h5><strong>Tri-matelots<\/strong><\/h5>\n8 bis, rue du 14 juillet<br \/>\n94 270 Le Kremlin-Bic\u00eatre\n<strong>01 46 58 77 25<br \/>\n<\/strong>trimatelots94@yahoo.fr<strong><br \/>\n<\/strong>\n\t<p>N&rsquo;h\u00e9sitez pas \u00e0 nous adresser vos demandes \u00e0 l&rsquo;aide de ce formulaire de contact, nous vous r\u00e9pondrons dans les plus brefs d\u00e9lais.<\/p>\n\t<iframe src=\"https:\/\/www.google.com\/maps\/embed?pb=!1m18!1m12!1m3!1d2627.2950214210305!2d2.3571405152435805!3d48.814432179283195!2m3!1f0!2f0!3f0!3m2!1i1024!2i768!4f13.1!3m3!1m2!1s0x47e6717f398004c3%3A0x60079185ca604dfd!2s8%20Rue%20du%2014%20Juillet%2C%2094270%20Le%20Kremlin-Bic%C3%AAtre!5e0!3m2!1sfr!2sfr!4v1612121127354!5m2!1sfr!2sfr\" width=\"600\" height=\"450\" frameborder=\"0\" allowfullscreen=\"\" aria-hidden=\"false\" tabindex=\"0\"><\/iframe>\n<h2>\n\t\tNous contacter\n\t<\/h2>\n\t<h5><strong>Tri-matelots<\/strong><\/h5>\n8 bis, rue du 14 juillet<br \/>\n94 270 Le Kremlin-Bic\u00eatre\n<strong>01 46 58 77 25<br \/>\n<\/strong>trimatelots94@yahoo.fr<strong><br \/>\n<\/strong>\n\t\t\t<a href=\"\" target=\"_self\" role=\"button\" rel=\"noopener noreferrer\">\n\t\t\t\t\t\t\tGoogle Map directions\n\t\t\t<\/a>\n<h2>\n\t\tNeed help? Book a call at a time to suit your schedule\n\t<\/h2>\n\n","protected":false},"excerpt":{"rendered":"<p>Nous contacter Tri-matelots 8 bis, rue du 14 juillet 94 270 Le Kremlin-Bic\u00eatre 01 46 58 77 25 trimatelots94@yahoo.fr N&rsquo;h\u00e9sitez pas \u00e0 nous adresser vos demandes \u00e0 l&rsquo;aide de ce formulaire de contact, nous vous r\u00e9pondrons dans les plus brefs d\u00e9lais. Nous contacter Tri-matelots 8 bis, rue du 14 juillet 94 270 Le Kremlin-Bic\u00eatre 01 &hellip;<\/p>\n<p class=\"read-more\"> <a class=\"\" href=\"https:\/\/trimatelots.fr\/?page_id=22\"> <span class=\"screen-reader-text\">Contact<\/span> Lire la suite\u00a0\u00bb<\/a><\/p>\n","protected":false},"author":1,"featured_media":0,"parent":0,"menu_order":0,"comment_status":"closed","ping_status":"closed","template":"","meta":[],"_links":{"self":[{"href":"https:\/\/trimatelots.fr\/index.php?rest_route=\/wp\/v2\/pages\/22"}],"collection":[{"href":"https:\/\/trimatelots.fr\/index.php?rest_route=\/wp\/v2\/pages"}],"about":[{"href":"https:\/\/trimatelots.fr\/index.php?rest_route=\/wp\/v2\/types\/page"}],"author":[{"embeddable":true,"href":"https:\/\/trimatelots.fr\/index.php?rest_route=\/wp\/v2\/users\/1"}],"replies":[{"embeddable":true,"href":"https:\/\/trimatelots.fr\/index.php?rest_route=%2Fwp%2Fv2%2Fcomments&post=22"}],"version-history":[{"count":9,"href":"https:\/\/trimatelots.fr\/index.php?rest_route=\/wp\/v2\/pages\/22\/revisions"}],"predecessor-version":[{"id":94,"href":"https:\/\/trimatelots.fr\/index.php?rest_route=\/wp\/v2\/pages\/22\/revisions\/94"}],"wp:attachment":[{"href":"https:\/\/trimatelots.fr\/index.php?rest_route=%2Fwp%2Fv2%2Fmedia&parent=22"}],"curies":[{"name":"wp","href":"https:\/\/api.w.org\/{rel}","templated":true}]}}